{"id":1166,"date":"2026-01-12T14:13:25","date_gmt":"2026-01-12T14:13:25","guid":{"rendered":"https:\/\/rupp-pr.com\/impressum\/"},"modified":"2026-02-27T20:56:31","modified_gmt":"2026-02-27T20:56:31","slug":"impressum","status":"publish","type":"page","link":"https:\/\/rupp-pr.com\/de\/impressum\/","title":{"rendered":"Impressum"},"content":{"rendered":"[vc_row type=&#8220;in_container&#8220; full_screen_row_position=&#8220;middle&#8220; column_margin=&#8220;default&#8220; column_direction=&#8220;default&#8220; column_direction_tablet=&#8220;default&#8220; column_direction_phone=&#8220;default&#8220; scene_position=&#8220;center&#8220; text_color=&#8220;dark&#8220; text_align=&#8220;left&#8220; row_border_radius=&#8220;none&#8220; row_border_radius_applies=&#8220;bg&#8220; row_position_desktop=&#8220;default&#8220; row_position_tablet=&#8220;inherit&#8220; row_position_phone=&#8220;inherit&#8220; overflow=&#8220;visible&#8220; overlay_strength=&#8220;0.3&#8243; gradient_direction=&#8220;left_to_right&#8220; shape_divider_position=&#8220;bottom&#8220; bg_image_animation=&#8220;none&#8220;][vc_column column_padding=&#8220;no-extra-padding&#8220; column_padding_tablet=&#8220;inherit&#8220; column_padding_phone=&#8220;inherit&#8220; column_padding_position=&#8220;all&#8220; flex_gap_desktop=&#8220;10px&#8220; column_element_direction_desktop=&#8220;default&#8220; column_element_spacing=&#8220;default&#8220; desktop_text_alignment=&#8220;default&#8220; tablet_text_alignment=&#8220;default&#8220; phone_text_alignment=&#8220;default&#8220; background_color_opacity=&#8220;1&#8243; background_hover_color_opacity=&#8220;1&#8243; column_backdrop_filter=&#8220;none&#8220; column_shadow=&#8220;none&#8220; column_border_radius=&#8220;none&#8220; column_link_target=&#8220;_self&#8220; column_position=&#8220;default&#8220; gradient_direction=&#8220;left_to_right&#8220; overlay_strength=&#8220;0.3&#8243; width=&#8220;1\/1&#8243; tablet_width_inherit=&#8220;default&#8220; animation_type=&#8220;default&#8220; bg_image_animation=&#8220;none&#8220; border_type=&#8220;simple&#8220; column_border_width=&#8220;none&#8220; column_border_style=&#8220;solid&#8220;][vc_column_text css=&#8220;&#8220; text_direction=&#8220;default&#8220;]\n<h2 class=\"wp-block-heading\">Impressum<\/h2>\n<p><!-- \/wp:post-content --><\/p>\n<p><!-- wp:paragraph -->&#8211;<\/p>\n<p><!-- \/wp:paragraph --><\/p>\n<p><!-- wp:paragraph --><strong>Rupp Public Relations GmbH<\/strong><\/p>\n<p><!-- \/wp:paragraph --><\/p>\n<p><!-- wp:paragraph {\"className\":\"\"} -->Maistrasse 21 80337 M\u00fcnchen<\/p>\n<p><!-- \/wp:paragraph --><\/p>\n<p><!-- wp:paragraph {\"className\":\"\"} -->Gesch\u00e4ftsf\u00fchrerin: Natascha Rupp<\/p>\n<p><!-- \/wp:paragraph --><\/p>\n<p><!-- wp:paragraph {\"className\":\"\"} -->T: +49 162 68 30 113\uff5cE: <a href=\"mailto:natascha@rupp-pr.com\">natascha@rupp-pr.com<\/a><\/p>\n<p><!-- \/wp:paragraph --><\/p>\n<p><!-- wp:paragraph {\"className\":\"\"} -->Eintragung im Handelsregister.<br \/>Registergericht: M\u00fcnchen<br \/>Registernummer: 224603<\/p>\n<p><!-- \/wp:paragraph --><\/p>\n<p><!-- wp:paragraph {\"className\":\"\"} -->Umsatzsteuer-Identifikationsnummer gem\u00e4\u00df \u00a727 a Umsatzsteuergesetz:<br \/>DE 305938022<\/p>\n<p>Fotos \u00a9 <a href=\"https:\/\/www.annettewilson.com\/\" target=\"_blank\" rel=\"noopener noreferrer\">Annette Wilson<\/a><\/p>\n<p><!-- \/wp:paragraph --><\/p>\n<p><!-- wp:paragraph {\"className\":\"\"} -->\u00a9 Copyright 2026 Rupp Public Relations GmbH<\/p>\n<p><!-- \/wp:paragraph --><\/p>\n<p><!-- wp:paragraph {\"className\":\"\"} --><strong>DATENSCHUTZERKL\u00c4RUNG.<\/strong><\/p>\n<p><!-- \/wp:paragraph --><\/p>\n<p><!-- wp:paragraph {\"className\":\"\"} -->Diese Datenschutzerkl\u00e4rung erl\u00e4utert, wie Rupp Public Relations GmbH mit Ihren personenbezogenen Daten umgeht, die wir erheben.<\/p>\n<p><!-- \/wp:paragraph --><\/p>\n<p><!-- wp:paragraph {\"className\":\"\"} -->Unsere Website kann grunds\u00e4tzlich ohne Angabe personenbezogener Daten genutzt werden. F\u00fcr bestimmte Leistungen auf unserer Website k\u00f6nnen jedoch abweichende Regelungen gelten, die nachfolgend gesondert erl\u00e4utert werden. Wir erheben personenbezogene Daten (z. B. Name, Anschrift, E-Mail-Adresse, Telefonnummer usw.) gem\u00e4\u00df den Bestimmungen der deutschen Datenschutzgesetze. Daten gelten als personenbezogen, wenn sie ausschlie\u00dflich einer bestimmten nat\u00fcrlichen Person zugeordnet werden k\u00f6nnen. Die rechtlichen Grundlagen des Datenschutzes finden sich im Bundesdatenschutzgesetz (BDSG) und im Telemediengesetz (TMG). Die nachfolgenden Bestimmungen dienen der Information \u00fcber Art, Umfang und Zweck der Erhebung, Nutzung und Verarbeitung personenbezogener Daten durch den Anbieter.     <\/p>\n<p><!-- \/wp:paragraph --><\/p>\n<p><!-- wp:paragraph {\"className\":\"\"} -->Bitte beachten Sie, dass die Daten\u00fcbertragung \u00fcber das Internet Sicherheitsrisiken unterliegt und daher ein vollst\u00e4ndiger Schutz der \u00fcbertragenen Daten vor dem Zugriff durch Dritte nicht gew\u00e4hrleistet werden kann.<\/p>\n<p><!-- \/wp:paragraph --><\/p>\n<p><!-- wp:paragraph {\"className\":\"\"} --><strong>Wir erheben die folgenden Informationen \u00fcber Sie oder Ihr Ger\u00e4t:<\/strong><\/p>\n<p><!-- \/wp:paragraph --><\/p>\n<p>&nbsp;<\/p>\n<p><!-- wp:list --><\/p>\n<ul class=\"wp-block-list\">\n<li style=\"list-style-type: none;\">\n<ul class=\"wp-block-list\"><!-- wp:list-item --><\/p>\n<li>Ihre Firmenanschrift, E-Mail-Adresse, Ihren Vor- und Nachnamen, wenn Sie einen Arbeitsvertrag mit uns abschlie\u00dfen.<\/li>\n<p><!-- \/wp:list-item --><\/p>\n<p><!-- wp:list-item --><\/p>\n<li>Informationen, die wir \u00fcber Google Analytics erhalten, w\u00e4hrend Sie unsere Website nutzen. Dazu k\u00f6nnen geh\u00f6ren: IP-Adressen, Pr\u00e4ferenzen, Webseiten, die Sie vor dem Besuch unserer oder der Websites unserer Nutzer besucht haben, Informationen \u00fcber Ihren Browser, Ihr Netzwerk oder Ihr Ger\u00e4t (z. B. Browsertyp und -version, Betriebssystem, Internetdienstanbieter, Einstellungsvorgaben, eindeutige Ger\u00e4te-IDs sowie Sprach- und andere regionale Einstellungen), Informationen dar\u00fcber, wie Sie mit den Services und den Websites unserer Nutzer interagieren (z. B. Zeitstempel, Klicks, Scrollen, Browsing-Zeiten, Suchanfragen, Transaktionen, Verweis-Seiten, Ladezeiten sowie Probleme, die auftreten k\u00f6nnen, z. B. Ladefehler). <\/li>\n<\/ul>\n<\/li>\n<\/ul>\n<p><!-- \/wp:list-item --><\/p>\n<p>&nbsp;<\/p>\n<p><!-- \/wp:list --><\/p>\n<p><!-- wp:paragraph {\"className\":\"\"} --><strong>Wir erheben personenbezogene Daten durch:<\/strong><\/p>\n<p><!-- \/wp:paragraph --><\/p>\n<p>&nbsp;<\/p>\n<p><!-- wp:list --><\/p>\n<ul class=\"wp-block-list\">\n<li style=\"list-style-type: none;\">\n<ul class=\"wp-block-list\"><!-- wp:list-item --><\/p>\n<li>Automatische Erfassung bei der Nutzung unserer Website (z. B. durch Cookies und Google Analytics)<\/li>\n<\/ul>\n<\/li>\n<\/ul>\n<p><!-- \/wp:list-item --><\/p>\n<p>&nbsp;<\/p>\n<p><!-- \/wp:list --><\/p>\n<p><!-- wp:paragraph {\"className\":\"\"} --><strong>Wir verwenden personenbezogene Daten f\u00fcr:<\/strong><\/p>\n<p><!-- \/wp:paragraph --><\/p>\n<p>&nbsp;<\/p>\n<p><!-- wp:list --><\/p>\n<ul class=\"wp-block-list\">\n<li style=\"list-style-type: none;\">\n<ul class=\"wp-block-list\"><!-- wp:list-item --><\/p>\n<li>Verbesserung der Services. Durch die Verwendung von Cookies und die Erfassung von Tracking-Daten \u00fcber Google Analytics k\u00f6nnen wir unsere Website-Inhalte beispielsweise anhand des Standorts unserer Besucher verbessern und anpassen. <\/li>\n<\/ul>\n<\/li>\n<\/ul>\n<p><!-- \/wp:list-item --><\/p>\n<p>&nbsp;<\/p>\n<p><!-- \/wp:list --><\/p>\n<p><!-- wp:paragraph {\"className\":\"\"} --><strong>Wir geben Ihre personenbezogenen Daten weiter an:<\/strong><\/p>\n<p><!-- \/wp:paragraph --><\/p>\n<p>&nbsp;<\/p>\n<p><!-- wp:list --><\/p>\n<ul class=\"wp-block-list\">\n<li style=\"list-style-type: none;\">\n<ul class=\"wp-block-list\"><!-- wp:list-item --><\/p>\n<li>Dienstleister. Wir teilen personenbezogene Daten mit unseren Dienstleistern (z. B. Steuerberatern) zu Abrechnungszwecken. <\/li>\n<\/ul>\n<\/li>\n<\/ul>\n<p><!-- \/wp:list-item --><\/p>\n<p>&nbsp;<\/p>\n<p><!-- \/wp:list --><\/p>\n<p><!-- wp:paragraph {\"className\":\"\"} --><strong>Wir speichern personenbezogene Daten:<\/strong><\/p>\n<p><!-- \/wp:paragraph --><\/p>\n<p>&nbsp;<\/p>\n<p><!-- wp:list --><\/p>\n<ul class=\"wp-block-list\">\n<li style=\"list-style-type: none;\">\n<ul class=\"wp-block-list\"><!-- wp:list-item --><\/p>\n<li>Zu Zahlungszwecken. Die genauen Zeitr\u00e4ume, f\u00fcr die wir Ihre personenbezogenen Daten aufbewahren, variieren je nach Art der Daten und dem Zweck, zu dem wir sie ben\u00f6tigen. <\/li>\n<p><!-- \/wp:list-item --><\/p>\n<p><!-- wp:list-item --><\/p>\n<li>Auf unseren Unternehmens-Desktops, in E-Mail-Konten und in DropBox-Business-Ordnern.<\/li>\n<\/ul>\n<\/li>\n<\/ul>\n<p><!-- \/wp:list-item --><\/p>\n<p>&nbsp;<\/p>\n<p><!-- \/wp:list --><\/p>\n<p><!-- wp:paragraph {\"className\":\"\"} -->Soweit dies nach geltendem Recht erforderlich ist, haben Sie m\u00f6glicherweise das Recht, personenbezogene Daten, die \u00fcber Rupp Public Relations GmbH erhoben wurden, einzusehen, zu aktualisieren, zu \u00e4ndern und zu l\u00f6schen.<\/p>\n<p><!-- \/wp:paragraph --><\/p>\n<p><!-- wp:paragraph {\"className\":\"\"} -->Sie k\u00f6nnen dies tun, indem Sie eine E-Mail an <a href=\"mailto:natascha@rupp-pr.com\">natascha@rupp-pr.com<\/a> senden und die gew\u00fcnschten \u00c4nderungen anfordern.<\/p>\n<p><!-- \/wp:paragraph --><\/p>\n<p><!-- wp:paragraph {\"className\":\"\"} --><strong>Auskunft\/Widerruf\/L\u00f6schung<\/strong><\/p>\n<p><!-- \/wp:paragraph --><\/p>\n<p><!-- wp:paragraph {\"className\":\"\"} -->Auf Grundlage des Bundesdatenschutzgesetzes k\u00f6nnen Sie sich bei Fragen zur Erhebung, Verarbeitung oder Nutzung Ihrer personenbezogenen Daten, bei dem Wunsch nach Berichtigung, Sperrung oder L\u00f6schung dieser Daten oder bei dem Wunsch, eine ausdr\u00fccklich erteilte Einwilligung zu widerrufen, unentgeltlich an uns wenden. Bitte beachten Sie, dass Sie das Recht haben, unrichtige Daten berichtigen zu lassen oder personenbezogene Daten l\u00f6schen zu lassen, sofern dem keine gesetzliche Aufbewahrungspflicht entgegensteht.<\/p>\n<p><!-- \/wp:paragraph --><\/p>\n<p><!-- wp:paragraph {\"className\":\"\"} --><strong>GOOGLE ANALYTICS. <\/strong><\/p>\n<p><!-- \/wp:paragraph --><\/p>\n<p><!-- wp:paragraph {\"className\":\"\"} -->Diese Website nutzt Google Analytics, einen Webanalysedienst der Google, Inc. (\u201eGoogle\u201c). Google Analytics verwendet \u201eCookies\u201c, Textdateien, die auf Ihrem Computer gespeichert werden und die eine Analyse der Benutzung der Website durch Sie erm\u00f6glichen. Die durch den Cookie erzeugten Informationen \u00fcber Ihre Benutzung dieser Website werden an einen Server von Google in den USA \u00fcbertragen und dort gespeichert.<\/p>\n<p><!-- \/wp:paragraph --><\/p>\n<p><!-- wp:paragraph {\"className\":\"\"} -->Google wird diese Informationen im Auftrag des Betreibers dieser Website benutzen, um Ihre Nutzung der Website auszuwerten, um Reports \u00fcber die Websiteaktivit\u00e4ten f\u00fcr die Websitebetreiber zusammenzustellen und um weitere mit der Websitenutzung und der Internetnutzung verbundene Dienstleistungen zu erbringen.<\/p>\n<p><!-- \/wp:paragraph --><\/p>\n<p><!-- wp:paragraph {\"className\":\"\"} -->Falls die IP-Anonymisierung auf dieser Website aktiviert ist, wird Ihre IP-Adresse innerhalb von Mitgliedstaaten der Europ\u00e4ischen Union oder in anderen Vertragsstaaten des Abkommens \u00fcber den Europ\u00e4ischen Wirtschaftsraum zuvor gek\u00fcrzt. Nur in Ausnahmef\u00e4llen wird die vollst\u00e4ndige IP-Adresse zun\u00e4chst an einen Server von Google in den USA \u00fcbertragen und dort gek\u00fcrzt. Die IP-Anonymisierung ist auf dieser Website aktiv.<\/p>\n<p><!-- \/wp:paragraph --><\/p>\n<p><!-- wp:paragraph -->Die IP-Adresse, die Ihr Browser im Rahmen von Google Analytics \u00fcbermittelt, wird nicht mit anderen Daten von Google zusammengef\u00fchrt. Sie k\u00f6nnen die Speicherung der Cookies durch eine entsprechende Einstellung Ihrer Browser-Software verhindern; wir weisen Sie jedoch darauf hin, dass Sie in diesem Fall gegebenenfalls nicht s\u00e4mtliche Funktionen dieser Website vollumf\u00e4nglich nutzen k\u00f6nnen. Sie k\u00f6nnen dar\u00fcber hinaus die Erfassung der durch den Cookie erzeugten und auf Ihre Nutzung der Website bezogenen Daten (inkl. Ihrer IP-Adresse) an Google sowie die Verarbeitung dieser Daten durch Google verhindern, indem Sie das Google Analytics Opt-out Browser Add-on f\u00fcr Ihren aktuellen Webbrowser <a href=\"https:\/\/tools.google.com\/dlpage\/gaoptout?hl=en\">hier<\/a> herunterladen und installieren.<\/p>\n<p><!-- \/wp:paragraph --><\/p>\n<p>&nbsp;<\/p>\n[\/vc_column_text][\/vc_column][\/vc_row]\n","protected":false},"excerpt":{"rendered":"<p>[vc_row type=&#8220;in_container&#8220; full_screen_row_position=&#8220;middle&#8220; column_margin=&#8220;default&#8220; column_direction=&#8220;default&#8220; column_direction_tablet=&#8220;default&#8220; column_direction_phone=&#8220;default&#8220; scene_position=&#8220;center&#8220; text_color=&#8220;dark&#8220; text_align=&#8220;left&#8220; row_border_radius=&#8220;none&#8220; row_border_radius_applies=&#8220;bg&#8220; row_position_desktop=&#8220;default&#8220; row_position_tablet=&#8220;inherit&#8220; row_position_phone=&#8220;inherit&#8220; overflow=&#8220;visible&#8220; overlay_strength=&#8220;0.3&#8243; gradient_direction=&#8220;left_to_right&#8220; shape_divider_position=&#8220;bottom&#8220; bg_image_animation=&#8220;none&#8220;][vc_column column_padding=&#8220;no-extra-padding&#8220; column_padding_tablet=&#8220;inherit&#8220; column_padding_phone=&#8220;inherit&#8220; column_padding_position=&#8220;all&#8220; flex_gap_desktop=&#8220;10px&#8220; column_element_direction_desktop=&#8220;default&#8220; column_element_spacing=&#8220;default&#8220; desktop_text_alignment=&#8220;default&#8220; tablet_text_alignment=&#8220;default&#8220; phone_text_alignment=&#8220;default&#8220;&#8230;<\/p>\n","protected":false},"author":1,"featured_media":0,"parent":0,"menu_order":0,"comment_status":"closed","ping_status":"open","template":"","meta":{"footnotes":""},"class_list":["post-1166","page","type-page","status-publish"],"_links":{"self":[{"href":"https:\/\/rupp-pr.com\/de\/wp-json\/wp\/v2\/pages\/1166","targetHints":{"allow":["GET"]}}],"collection":[{"href":"https:\/\/rupp-pr.com\/de\/wp-json\/wp\/v2\/pages"}],"about":[{"href":"https:\/\/rupp-pr.com\/de\/wp-json\/wp\/v2\/types\/page"}],"author":[{"embeddable":true,"href":"https:\/\/rupp-pr.com\/de\/wp-json\/wp\/v2\/users\/1"}],"replies":[{"embeddable":true,"href":"https:\/\/rupp-pr.com\/de\/wp-json\/wp\/v2\/comments?post=1166"}],"version-history":[{"count":1,"href":"https:\/\/rupp-pr.com\/de\/wp-json\/wp\/v2\/pages\/1166\/revisions"}],"predecessor-version":[{"id":1167,"href":"https:\/\/rupp-pr.com\/de\/wp-json\/wp\/v2\/pages\/1166\/revisions\/1167"}],"wp:attachment":[{"href":"https:\/\/rupp-pr.com\/de\/wp-json\/wp\/v2\/media?parent=1166"}],"curies":[{"name":"wp","href":"https:\/\/api.w.org\/{rel}","templated":true}]}}